{"id":89,"date":"2025-07-27T21:07:50","date_gmt":"2025-07-27T19:07:50","guid":{"rendered":"https:\/\/baza.kajodata.com\/?page_id=89"},"modified":"2025-07-27T21:57:24","modified_gmt":"2025-07-27T19:57:24","slug":"baza-start","status":"publish","type":"page","link":"https:\/\/baza.kajodata.com\/","title":{"rendered":"Baza &#8211; start"},"content":{"rendered":"\n<h2 class=\"wp-block-heading\"><a href=\"https:\/\/baza.kajodata.com\/?page_id=91\"><strong>Wszystkie wpisy &#8211; tutaj<\/strong> <\/a><\/h2>\n\n\n\n<h3 class=\"wp-block-heading\">Kategoria: Excel<\/h3>\n\n\n\n<p><em>Ostatnie 30 wpis\u00f3w<\/em>.<\/p>\n\n\n<ul class=\"wp-block-latest-posts__list is-grid columns-3 wp-block-latest-posts\"><li><a class=\"wp-block-latest-posts__post-title\" href=\"https:\/\/baza.kajodata.com\/?p=117\">IFS i nie spe\u0142nianie kryteri\u00f3w tekstowych<\/a><\/li>\n<li><a class=\"wp-block-latest-posts__post-title\" href=\"https:\/\/baza.kajodata.com\/?p=114\">Wildcard * (gwiazdka) w IF<\/a><\/li>\n<li><a class=\"wp-block-latest-posts__post-title\" href=\"https:\/\/baza.kajodata.com\/?p=112\">Poradnik formatowania warunkowego<\/a><\/li>\n<li><a class=\"wp-block-latest-posts__post-title\" href=\"https:\/\/baza.kajodata.com\/?p=108\">Dlaczego warto tworzy\u0107 prosty tracker<\/a><\/li>\n<li><a class=\"wp-block-latest-posts__post-title\" href=\"https:\/\/baza.kajodata.com\/?p=106\">\u0141adne wykresy w Excelu<\/a><\/li>\n<li><a class=\"wp-block-latest-posts__post-title\" href=\"https:\/\/baza.kajodata.com\/?p=101\">Funkcje LAMBDA<\/a><\/li>\n<li><a class=\"wp-block-latest-posts__post-title\" href=\"https:\/\/baza.kajodata.com\/?p=99\">INDEX + MATCH ( INDEKS + PODAJ.POZYCJ\u0118 )<\/a><\/li>\n<li><a class=\"wp-block-latest-posts__post-title\" href=\"https:\/\/baza.kajodata.com\/?p=96\">Ranking w Excelu<\/a><\/li>\n<li><a class=\"wp-block-latest-posts__post-title\" href=\"https:\/\/baza.kajodata.com\/?p=86\">Tabele przestawne (pivot  table)<\/a><\/li>\n<li><a class=\"wp-block-latest-posts__post-title\" href=\"https:\/\/baza.kajodata.com\/?p=83\">Checkboxy w Excelu<\/a><\/li>\n<li><a class=\"wp-block-latest-posts__post-title\" href=\"https:\/\/baza.kajodata.com\/?p=81\">Formu\u0142y tablicowe i przesuni\u0119cia w Excelu<\/a><\/li>\n<li><a class=\"wp-block-latest-posts__post-title\" href=\"https:\/\/baza.kajodata.com\/?p=78\">GROUPBY i PIVOTBY w Excelu<\/a><\/li>\n<li><a class=\"wp-block-latest-posts__post-title\" href=\"https:\/\/baza.kajodata.com\/?p=75\">Obracanie danych w Excelu<\/a><\/li>\n<li><a class=\"wp-block-latest-posts__post-title\" href=\"https:\/\/baza.kajodata.com\/?p=72\">Sparklines<\/a><\/li>\n<li><a class=\"wp-block-latest-posts__post-title\" href=\"https:\/\/baza.kajodata.com\/?p=70\">Nowo\u015bci w Excelu od 2023<\/a><\/li>\n<li><a class=\"wp-block-latest-posts__post-title\" href=\"https:\/\/baza.kajodata.com\/?p=63\">Informacje o workbooku<\/a><\/li>\n<li><a class=\"wp-block-latest-posts__post-title\" href=\"https:\/\/baza.kajodata.com\/?p=60\">Nak\u0142adanie kolumn na siebie<\/a><\/li>\n<li><a class=\"wp-block-latest-posts__post-title\" href=\"https:\/\/baza.kajodata.com\/?p=24\">Szukanie tekstu w kom\u00f3rce<\/a><\/li>\n<li><a class=\"wp-block-latest-posts__post-title\" href=\"https:\/\/baza.kajodata.com\/?p=22\">Por\u00f3wnanie z wi\u0119ksze ni\u017c<\/a><\/li>\n<li><a class=\"wp-block-latest-posts__post-title\" href=\"https:\/\/baza.kajodata.com\/?p=20\">Podstawy czyszczenia tekstu<\/a><\/li>\n<li><a class=\"wp-block-latest-posts__post-title\" href=\"https:\/\/baza.kajodata.com\/?p=17\">Nazywanie kom\u00f3rek<\/a><\/li>\n<li><a class=\"wp-block-latest-posts__post-title\" href=\"https:\/\/baza.kajodata.com\/?p=9\">Menu dzi\u0119ki hiperlinkom<\/a><\/li>\n<\/ul>\n\n\n<h3 class=\"wp-block-heading\">Kategoria: SQL<\/h3>\n\n\n\n<p><em>Ostatnie 30 wpis\u00f3w<\/em>.<\/p>\n\n\n<ul class=\"wp-block-latest-posts__list is-grid columns-3 wp-block-latest-posts\"><li><a class=\"wp-block-latest-posts__post-title\" href=\"https:\/\/baza.kajodata.com\/?p=31\">Efektywne sprawdzanie kolumn<\/a><\/li>\n<li><a class=\"wp-block-latest-posts__post-title\" href=\"https:\/\/baza.kajodata.com\/?p=29\">Komentowanie w WHERE<\/a><\/li>\n<\/ul>\n\n\n<h3 class=\"wp-block-heading\">Kategoria: Python<\/h3>\n\n\n\n<p><em>Ostatnie 30 wpis\u00f3w<\/em>.<\/p>\n\n\n<ul class=\"wp-block-latest-posts__list is-grid columns-3 wp-block-latest-posts\"><li><a class=\"wp-block-latest-posts__post-title\" href=\"https:\/\/baza.kajodata.com\/?p=36\">List comprehension<\/a><\/li>\n<li><a class=\"wp-block-latest-posts__post-title\" href=\"https:\/\/baza.kajodata.com\/?p=33\">Stworzenie \u015brodowiska wirtualnego<\/a><\/li>\n<\/ul>\n\n\n<h3 class=\"wp-block-heading\">Kategoria: Power BI<\/h3>\n\n\n\n<p><em>Ostatnie 30 wpis\u00f3w<\/em>.<\/p>\n\n\n\n<h3 class=\"wp-block-heading\">Kategoria: Tableau<\/h3>\n\n\n\n<p><em>Ostatnie 30 wpis\u00f3w<\/em>.<\/p>\n\n\n\n<h2 class=\"wp-block-heading\">Tagi<\/h2>\n\n\n<ul class=\"wp-block-categories-list wp-block-categories\">\t<li class=\"cat-item cat-item-17\"><a href=\"https:\/\/baza.kajodata.com\/?tag=en\">EN<\/a> (2)\n<\/li>\n\t<li class=\"cat-item cat-item-7\"><a href=\"https:\/\/baza.kajodata.com\/?tag=excel\">Excel<\/a> (22)\n<\/li>\n\t<li class=\"cat-item cat-item-16\"><a href=\"https:\/\/baza.kajodata.com\/?tag=pl\">PL<\/a> (24)\n<\/li>\n\t<li class=\"cat-item cat-item-9\"><a href=\"https:\/\/baza.kajodata.com\/?tag=power-bi\">Power BI<\/a> (0)\n<\/li>\n\t<li class=\"cat-item cat-item-11\"><a href=\"https:\/\/baza.kajodata.com\/?tag=python\">Python<\/a> (2)\n<\/li>\n\t<li class=\"cat-item cat-item-8\"><a href=\"https:\/\/baza.kajodata.com\/?tag=sql\">SQL<\/a> (2)\n<\/li>\n\t<li class=\"cat-item cat-item-10\"><a href=\"https:\/\/baza.kajodata.com\/?tag=tableau\">Tableau<\/a> (0)\n<\/li>\n\t<li class=\"cat-item cat-item-12\"><a href=\"https:\/\/baza.kajodata.com\/?tag=tekst\">Tekst<\/a> (22)\n<\/li>\n\t<li class=\"cat-item cat-item-13\"><a href=\"https:\/\/baza.kajodata.com\/?tag=wideo\">Wideo<\/a> (4)\n<\/li>\n<\/ul>\n\n\n<p><\/p>\n","protected":false},"excerpt":{"rendered":"<p>Wszystkie wpisy &#8211; tutaj Kategoria: Excel Ostatnie 30 wpis\u00f3w. Kategoria: SQL Ostatnie 30 wpis\u00f3w. Kategoria: Python Ostatnie 30 wpis\u00f3w. Kategoria: Power BI Ostatnie 30 wpis\u00f3w. Kategoria: Tableau Ostatnie 30 wpis\u00f3w. Tagi<\/p>\n","protected":false},"author":1,"featured_media":0,"parent":0,"menu_order":0,"comment_status":"closed","ping_status":"closed","template":"","meta":{"footnotes":""},"class_list":["post-89","page","type-page","status-publish","hentry"],"blocksy_meta":[],"_links":{"self":[{"href":"https:\/\/baza.kajodata.com\/index.php?rest_route=\/wp\/v2\/pages\/89","targetHints":{"allow":["GET"]}}],"collection":[{"href":"https:\/\/baza.kajodata.com\/index.php?rest_route=\/wp\/v2\/pages"}],"about":[{"href":"https:\/\/baza.kajodata.com\/index.php?rest_route=\/wp\/v2\/types\/page"}],"author":[{"embeddable":true,"href":"https:\/\/baza.kajodata.com\/index.php?rest_route=\/wp\/v2\/users\/1"}],"replies":[{"embeddable":true,"href":"https:\/\/baza.kajodata.com\/index.php?rest_route=%2Fwp%2Fv2%2Fcomments&post=89"}],"version-history":[{"count":3,"href":"https:\/\/baza.kajodata.com\/index.php?rest_route=\/wp\/v2\/pages\/89\/revisions"}],"predecessor-version":[{"id":125,"href":"https:\/\/baza.kajodata.com\/index.php?rest_route=\/wp\/v2\/pages\/89\/revisions\/125"}],"wp:attachment":[{"href":"https:\/\/baza.kajodata.com\/index.php?rest_route=%2Fwp%2Fv2%2Fmedia&parent=89"}],"curies":[{"name":"wp","href":"https:\/\/api.w.org\/{rel}","templated":true}]}}